{"id":4304,"date":"2022-06-09T09:24:57","date_gmt":"2022-06-09T07:24:57","guid":{"rendered":"https:\/\/www.micoaventura.com\/?page_id=4304"},"modified":"2024-07-18T17:11:44","modified_gmt":"2024-07-18T15:11:44","slug":"firmar-normativa","status":"publish","type":"page","link":"https:\/\/www.micoaventura.com\/es\/firmar-normativa\/","title":{"rendered":"Firmar normativa"},"content":{"rendered":"\t\t<div data-elementor-type=\"wp-page\" data-elementor-id=\"4304\" class=\"elementor elementor-4304\">\n\t\t\t\t\t\t\t\t\t<section class=\"elementor-section elementor-top-section elementor-element elementor-element-cfb7df0 elementor-section-boxed elementor-section-height-default elementor-section-height-default\" data-id=\"cfb7df0\" data-element_type=\"section\" data-settings=\"{&quot;background_background&quot;:&quot;classic&quot;}\">\n\t\t\t\t\t\t\t<div class=\"elementor-background-overlay\"><\/div>\n\t\t\t\t\t\t\t<div class=\"elementor-container elementor-column-gap-default\">\n\t\t\t\t\t<div class=\"elementor-column elementor-col-100 elementor-top-column elementor-element elementor-element-e16e705\" data-id=\"e16e705\" data-element_type=\"column\">\n\t\t\t<div class=\"elementor-widget-wrap elementor-element-populated\">\n\t\t\t\t\t\t\t\t<div class=\"elementor-element elementor-element-07eb925 animated-slow elementor-invisible elementor-widget elementor-widget-heading\" data-id=\"07eb925\" data-element_type=\"widget\" data-settings=\"{&quot;_animation&quot;:&quot;fadeInRight&quot;}\" data-widget_type=\"heading.default\">\n\t\t\t\t<div class=\"elementor-widget-container\">\n\t\t\t<h2 class=\"elementor-heading-title elementor-size-default\">FIRMAR NORMATIVA<\/h2>\t\t<\/div>\n\t\t\t\t<\/div>\n\t\t\t\t<div class=\"elementor-element elementor-element-a167b28 elementor-widget-divider--view-line elementor-widget elementor-widget-divider\" data-id=\"a167b28\" data-element_type=\"widget\" data-widget_type=\"divider.default\">\n\t\t\t\t<div class=\"elementor-widget-container\">\n\t\t\t\t\t<div class=\"elementor-divider\">\n\t\t\t<span class=\"elementor-divider-separator\">\n\t\t\t\t\t\t<\/span>\n\t\t<\/div>\n\t\t\t\t<\/div>\n\t\t\t\t<\/div>\n\t\t\t\t\t<\/div>\n\t\t<\/div>\n\t\t\t\t\t\t\t<\/div>\n\t\t<\/section>\n\t\t\t\t<section class=\"elementor-section elementor-top-section elementor-element elementor-element-edbc8c4 elementor-section-content-middle elementor-section-boxed elementor-section-height-default elementor-section-height-default\" data-id=\"edbc8c4\" data-element_type=\"section\" data-settings=\"{&quot;background_background&quot;:&quot;classic&quot;}\">\n\t\t\t\t\t\t<div class=\"elementor-container elementor-column-gap-no\">\n\t\t\t\t\t<div class=\"elementor-column elementor-col-100 elementor-top-column elementor-element elementor-element-9f2b6ab\" data-id=\"9f2b6ab\" data-element_type=\"column\">\n\t\t\t<div class=\"elementor-widget-wrap elementor-element-populated\">\n\t\t\t\t\t\t\t\t<section class=\"elementor-section elementor-inner-section elementor-element elementor-element-32ba9a8 elementor-section-boxed elementor-section-height-default elementor-section-height-default\" data-id=\"32ba9a8\" data-element_type=\"section\">\n\t\t\t\t\t\t<div class=\"elementor-container elementor-column-gap-no\">\n\t\t\t\t\t<div class=\"elementor-column elementor-col-100 elementor-inner-column elementor-element elementor-element-b69b4e3\" data-id=\"b69b4e3\" data-element_type=\"column\">\n\t\t\t<div class=\"elementor-widget-wrap elementor-element-populated\">\n\t\t\t\t\t\t\t\t<div class=\"elementor-element elementor-element-fccd45c animated-slow elementor-invisible elementor-widget elementor-widget-heading\" data-id=\"fccd45c\" data-element_type=\"widget\" data-settings=\"{&quot;_animation&quot;:&quot;fadeInLeft&quot;}\" data-widget_type=\"heading.default\">\n\t\t\t\t<div class=\"elementor-widget-container\">\n\t\t\t<h2 class=\"elementor-heading-title elementor-size-default\">REGLAMENTO DE SEGURIDAD Y CONDICIONES\n<\/h2>\t\t<\/div>\n\t\t\t\t<\/div>\n\t\t\t\t<div class=\"elementor-element elementor-element-f0eb8e8 elementor-widget elementor-widget-heading\" data-id=\"f0eb8e8\" data-element_type=\"widget\" data-widget_type=\"heading.default\">\n\t\t\t\t<div class=\"elementor-widget-container\">\n\t\t\t<h5 class=\"elementor-heading-title elementor-size-default\">* Campos obligatorios<\/h5>\t\t<\/div>\n\t\t\t\t<\/div>\n\t\t\t\t<div class=\"elementor-element elementor-element-ba576b7 elementor-widget elementor-widget-shortcode\" data-id=\"ba576b7\" data-element_type=\"widget\" data-widget_type=\"shortcode.default\">\n\t\t\t\t<div class=\"elementor-widget-container\">\n\t\t\t\t\t<div class=\"elementor-shortcode\"><div role=\"form\" class=\"wpcf7\" id=\"wpcf7-f4316-o1\" lang=\"ca\" dir=\"ltr\">\n<div class=\"screen-reader-response\"><p role=\"status\" aria-live=\"polite\" aria-atomic=\"true\"><\/p> <ul><\/ul><\/div>\n<form action=\"\/es\/wp-json\/wp\/v2\/pages\/4304#wpcf7-f4316-o1\" method=\"post\" class=\"wpcf7-form init\" novalidate=\"novalidate\" data-status=\"init\">\n<div style=\"display: none;\">\n<input type=\"hidden\" name=\"_wpcf7\" value=\"4316\" \/>\n<input type=\"hidden\" name=\"_wpcf7_version\" value=\"5.5.6\" \/>\n<input type=\"hidden\" name=\"_wpcf7_locale\" value=\"ca\" \/>\n<input type=\"hidden\" name=\"_wpcf7_unit_tag\" value=\"wpcf7-f4316-o1\" \/>\n<input type=\"hidden\" name=\"_wpcf7_container_post\" value=\"0\" \/>\n<input type=\"hidden\" name=\"_wpcf7_posted_data_hash\" value=\"\" \/>\n<input type=\"hidden\" name=\"_wpcf7_recaptcha_response\" value=\"\" \/>\n<\/div>\n<fieldset>\n<legend>Datos personales<\/legend>\n<p>    Nombre*: <span class=\"wpcf7-form-control-wrap nombre\"><input type=\"text\" name=\"nombre\" value=\"\" size=\"40\" class=\"wpcf7-form-control wpcf7-text wpcf7-validates-as-required\" aria-required=\"true\" aria-invalid=\"false\" \/><\/span><br \/>\n    Apellidos*: <span class=\"wpcf7-form-control-wrap apellidos\"><input type=\"text\" name=\"apellidos\" value=\"\" size=\"40\" class=\"wpcf7-form-control wpcf7-text wpcf7-validates-as-required\" aria-required=\"true\" aria-invalid=\"false\" \/><\/span><br \/>\n    NIF\/NIE* <span class=\"wpcf7-form-control-wrap nif\"><input type=\"text\" name=\"nif\" value=\"\" size=\"40\" class=\"wpcf7-form-control wpcf7-text wpcf7-validates-as-required\" aria-required=\"true\" aria-invalid=\"false\" \/><\/span><br \/>\n    Fecha de registro*: <span class=\"wpcf7-form-control-wrap fecharegistro\"><input type=\"date\" name=\"fecharegistro\" value=\"\" class=\"wpcf7-form-control wpcf7-date wpcf7-validates-as-required wpcf7-validates-as-date\" aria-required=\"true\" aria-invalid=\"false\" \/><\/span><br \/>\n    Fecha de nacimiento*: <span class=\"wpcf7-form-control-wrap fechanacimiento\"><input type=\"date\" name=\"fechanacimiento\" value=\"\" class=\"wpcf7-form-control wpcf7-date wpcf7-validates-as-required wpcf7-validates-as-date\" aria-required=\"true\" aria-invalid=\"false\" \/><\/span>\n <\/p><\/fieldset>\n<fieldset>\n<legend>Datos de contacto<\/legend>\n<p>        M\u00f3vil*: <span class=\"wpcf7-form-control-wrap movil\"><input type=\"text\" name=\"movil\" value=\"\" size=\"40\" class=\"wpcf7-form-control wpcf7-text wpcf7-validates-as-required\" aria-required=\"true\" aria-invalid=\"false\" \/><\/span><br \/>\n        Correo electr\u00f3nico*: <span class=\"wpcf7-form-control-wrap emailcorreo\"><input type=\"email\" name=\"emailcorreo\" value=\"\" size=\"40\" class=\"wpcf7-form-control wpcf7-text wpcf7-email wpcf7-validates-as-required wpcf7-validates-as-email\" aria-required=\"true\" aria-invalid=\"false\" \/><\/span>\n <\/p><\/fieldset>\n<fieldset>\n<legend>Normativa y condiciones<\/legend>\n<div class=\"envoltoriopolitica\">\n<h6>Normativa general del parque<\/h6>\n<div>Cumplir la normativa del parque ayudar\u00e1 a mantener el correcto funcionamiento de este, as\u00ed como garantizar la seguridad y confort de todos los usuarios. \u00a1Muchas gracias por tu colaboraci\u00f3n! <br>- Menores de 14 a\u00f1os acompa\u00f1ados: Los ni\u00f1os\/as menores de 14 a\u00f1os deber\u00e1n acceder al parque acompa\u00f1ados por un adulto.<br>- Fumadores: No se permite fumar en el conjunto del parque. \u00danicamente se permite fumar en las \u00e1reas designadas y se\u00f1aladas espec\u00edficamente. No se permite fumar con el equipamiento de seguridad puesto.<br>- Mascotas: \u00a1Admitimos mascotas! Para respectar el confort de todos los usuarios estas deber\u00e1n ir siempre con su correa. Rogamos que dej\u00e9is los espacios limpios en caso de ensuciarse.<br>- Se deber\u00e1 depositar la basura en las papeleras y espacios indicados.<br>- Mico Aventura no se hace responsable del hurto de efectos personales dentro del recinto.<\/div>\n<div><br><br \/>\n<h6>Directrices y consejos para las actividades de aventura<\/h6>\n<p><\/br><\/div>\n<div>Todos los visitantes que realicen una actividad tendr\u00e1n que leerse las normas de uso y proporcionar confirmaci\u00f3n escrita de ello. En el caso de menores de edad, una persona mayor de edad deber\u00e1 firmar la confirmaci\u00f3n. Los grupos escolares, campus y casales deber\u00e1n ser supervisados por sus respectivos maestros\/as o monitores\/as, junto con los monitores\/as especialistas del parque.<br>Los participantes deber\u00e1n estar f\u00edsicamente y mentalmente capacitados para seguir las instrucciones y no suponer un riesgo para ellos mismos y para el resto de usuarios. Mico Aventura se reserva el derecho de excluir de la actividad todas aquellas personas que considere incapacitadas para la realizaci\u00f3n de la actividad o no sigan la normativa.<br>Para la realizaci\u00f3n de las actividades no se requiere ning\u00fan conocimiento previo. El equipo de monitores especialistas del parque facilitar\u00e1 los conocimientos necesarios para la realizaci\u00f3n de la actividad, as\u00ed como una demostraci\u00f3n y acompa\u00f1amiento para poder realizar la actividad de forma aut\u00f3noma. Los participantes deber\u00e1n atender a la explicaci\u00f3n de seguridad y realizar un recorrido de entrenamiento previo a la realizaci\u00f3n de la actividad. En todo momento dispondr\u00e1s del equipo de monitores a tu disposici\u00f3n para resolver cualquier duda o por si necesitas ayuda.<br>Todo el material de protecci\u00f3n personal necesario para la realizaci\u00f3n de las actividades lo proporciona Mico Aventura. Est\u00e1 prohibido salir del parque con el material de protecci\u00f3n personal.<\/div>\n<div>\n<h6>REQUERIMIENTOS DE INDUMENTARIA:<\/h6>\n<p><br>\u00b7ROPA: Se recomienda el uso de ropa deportiva, que cubra las caderas y cintura.<br>\u00b7ZAPATOS: Es obligatorio el uso de zapatos s\u00f3lidos y cerrados. No est\u00e1 permitido realizar las actividades con chancletas, sandalias o tacones.<br>- Se deber\u00e1n retirar bufandas y similares, agujas del pelo y joyas (anillos, colgantes, pendientes, piercings, etc.).<br>- Los pa\u00f1uelos o velos deber\u00e1n atarse detr\u00e1s de la nuca. Las gafas deber\u00e1n sujetarse mediante una banda deportiva.<br>- Las personas con el pelo largo deber\u00e1n recog\u00e9rselo mediante una coleta trasera.<\/div>\n<div>\n<h6>ADVERTENCIAS A LOS USUARIOS:<\/h6>\n<p><br>- El usuario reconoce y asume el riesgo de padecer moratones, rasgu\u00f1os o peque\u00f1as astillas de madera en la actividad.<br>- Existe riesgo de lesiones al sujetarse de los cables de acero o mosquetones de seguridad. Para progresar por las actividades se deber\u00e1n sujetar \u00fanicamente las cuerdas, maderas y elementos de los juegos as\u00ed c\u00f3mo las cuerdas entre los mosquetones y el arn\u00e9s.<br>- Los visitantes no podr\u00e1n cambiar nada del equipamiento de protecci\u00f3n tras la revisi\u00f3n de los gu\u00edas.<br>- Cada vez que el equipamiento de seguridad se retira y se pone de nuevo (p.ej. para acudir al WC), el gu\u00eda deber\u00e1 revisar el equipamiento de nuevo.<\/div>\n<div>\n<h6>RESTRICCIONES DE ENTRADA.<\/h6>\n<p> No se permitir\u00e1 la entrada a:<br>- Personas que est\u00e9n bajo la influencia de drogas o alcohol.<br>- Personas que sufren de problemas de salud o con seguimiento m\u00e9dico tales como lesiones en la espalda o columna vertebral, lesiones articulares, alta presi\u00f3n sangu\u00ednea, o problemas cardiovasculares.<br>- Mujeres embarazadas.<br>- Personas con peso superior a 120kg.<\/div>\n<div>Directrices adicionales espec\u00edficas para:<\/div>\n<p><br><br \/>\n<h6>\u00b7 L\u2019Arbre \u2013 Estructura de aventura<\/h6>\n<p><br>A partir de 6 a\u00f1os de edad. | Altura m\u00ednima de 1,25m.<br>Los ni\u00f1os con una altura inferior a 1,40m deber\u00e1n ir acompa\u00f1ados por un adulto.<br>En los segmentos colgantes puede circular m\u00e1ximo una persona, con excepci\u00f3n de los elementos colgantes con juegos de grupo (p. ej.: mesa de picnic, barca). En las plataformas puede haber simult\u00e1neamente un m\u00e1ximo de 3 personas.<br>Para evitar el riesgo de ca\u00edda de objetos, los visitantes deber\u00e1n depositar todos los objetos antes de la actividad.<br>No se permiten los saltos intencionados o movimientos din\u00e1micos en el cable de acero.\n<div>Directrices adicionales espec\u00edficas para:<\/div>\n<p><br><\/p>\n<h6>\u00b7 Macaco \u2013 Circuito infantil<\/h6>\n<p><br>De 3 a 8 a\u00f1os de edad. | Altura m\u00ednima de 1.10m y m\u00e1xima de 1,50m.<br>Los acompa\u00f1antes de los menores podr\u00e1n acompa\u00f1arlos durante todo el recorrido manteni\u00e9ndose en el suelo. No se permite a los acompa\u00f1antes subir a los elementos de juego o a las plataformas.\n<div>Directrices espec\u00edficas para:<\/div>\n<p><br><br \/>\n<h6>La Liana \u2013 Columpio gigante<\/h6>\n<p><br>A partir de los 6 a\u00f1os de edad.<br>No se permite la utilizaci\u00f3n del columpio individualmente. Se deber\u00e1 subir por parejas, preferentemente de pesos similares.<br>El peso m\u00e1ximo por persona es de 80 kg.<br>No soltar el columpio hasta que este ha llegado a la posici\u00f3n final o se ha parado por parte del gu\u00eda.<br>Durante el trascurso de la actividad, no se permite la entrada en el espacio alrededor del columpio.<\/p>\n<div>\n<h6>Protecci\u00f3n de datos y derechos de imagen<\/h6>\n<\/div>\n<div>PROTECCI\u00d3N DE DATOS<br>De acuerdo con el consentimiento de la ley org\u00e1nica de protecci\u00f3n de datos de car\u00e1cter personal 15\/1999, los datos del usuario ser\u00e1n incluidas y tratadas en un fichero de usuarios el administrador del cu\u00e1l es Inversiones G.F Mediterranea S.L. El usuario autoriza expresamente a Inversiones G.F Mediterranea S.L. para que sus datos sean utilizados para la gesti\u00f3n de los usuarios de las instalaciones, actividades del parque, as\u00ed como para la realizaci\u00f3n de campa\u00f1as de informaci\u00f3n comercial y de marketing. Los interesados podr\u00e1n ejercer su derecho de acceso, rectificaci\u00f3n, cancelaci\u00f3n y oposici\u00f3n de sus datos, dirigi\u00e9ndose por escrito y aportando fotocopia de su DNI o documento equivalente en los t\u00e9rminos previstos por la ley al responsable del fichero: G.F Mediterranea S.L. (Ctra. Santa Cristina d\u2019Aro, 85, 17249 Platja d\u2019Aro, Girona).<\/div>\n<div>DERECHOS DE IMAGEN<br>Autorizo y consiento que Inversiones G.F Mediterranea S.L pueda hacer fotograf\u00edas y v\u00eddeos en las que aparezca yo y doy mi permiso para utilizar-las sin obtener ning\u00fan tipo de remuneraci\u00f3n.<\/div>\n<\/div>\n<p>        <span class=\"wpcf7-form-control-wrap aceptarinfocomercial\"><span class=\"wpcf7-form-control wpcf7-checkbox\"><span class=\"wpcf7-list-item first last\"><label><input type=\"checkbox\" name=\"aceptarinfocomercial[]\" value=\"Accedo a recibir informaci\u00f3n mediante correo electr\u00f3nico\" \/><span class=\"wpcf7-list-item-label\">Accedo a recibir informaci\u00f3n mediante correo electr\u00f3nico<\/span><\/label><\/span><\/span><\/span><br \/>\n        <span class=\"wpcf7-form-control-wrap aceptarnormativa\"><span class=\"wpcf7-form-control wpcf7-acceptance\"><span class=\"wpcf7-list-item\"><label><input type=\"checkbox\" name=\"aceptarnormativa\" value=\"1\" aria-invalid=\"false\" \/><span class=\"wpcf7-list-item-label\">He le\u00eddo y acepto la normativa y las condiciones*<\/span><\/label><\/span><\/span><\/span><\/p>\n<\/fieldset>\n<fieldset>\n<legend>NORMATIVA PARA GRUPOS Y MENORES DE EDAD<\/legend>\n<div>La persona que firma este documento se declara responsable del grupo y reconoce y entiende que las actividades y uso de las instalaciones es voluntaria y comporta la existencia de riesgos. El usuario responsable acepta expresamente estos riesgos tan conocidos como desconocidos en representaci\u00f3n de todo el grupo. Asimismo, es responsable de las acciones e implicaciones de todos ellos, as\u00ed como la aceptaci\u00f3n de la normativa de uso y seguridad de las instalaciones.<br>En el caso de los menores de 18 a\u00f1os, acceden a las instalaciones con previo consentimiento de la persona firmante, quien es la responsable de la previa obtenci\u00f3n del consentimiento de los tutores legales de los menores para la realizaci\u00f3n de las actividades y uso de las instalaciones instalaciones. Cada menor debe ser supervisado por el adulto responsable legal y \u00e9ste, entiende y acepta la normativa de \u201cConducta y exenci\u00f3n de responsabilidad\u201d anteriormente mencionada.<\/div>\n<p>    <span class=\"wpcf7-form-control-wrap aceptarmenoresedad\"><span class=\"wpcf7-form-control wpcf7-checkbox\"><span class=\"wpcf7-list-item first last\"><label><input type=\"checkbox\" name=\"aceptarmenoresedad[]\" value=\"Firmo la autorizaci\u00f3n en representaci\u00f3n de un grupo o personas menores de edad a mi cargo\" \/><span class=\"wpcf7-list-item-label\">Firmo la autorizaci\u00f3n en representaci\u00f3n de un grupo o personas menores de edad a mi cargo<\/span><\/label><\/span><\/span><\/span>\n<\/p><\/fieldset>\n<fieldset>\n<legend>Cumplimentar en el caso de grupos escolares\/casales\/empresas<\/legend>\n<p>    Nombre de grupo, entidad u organismo: <span class=\"wpcf7-form-control-wrap gruponombre\"><input type=\"text\" name=\"gruponombre\" value=\"\" size=\"40\" class=\"wpcf7-form-control wpcf7-text\" aria-invalid=\"false\" \/><\/span><br \/>\n    NIF o CIF: <span class=\"wpcf7-form-control-wrap nifcifescuela\"><input type=\"text\" name=\"nifcifescuela\" value=\"\" size=\"40\" class=\"wpcf7-form-control wpcf7-text\" aria-invalid=\"false\" \/><\/span>\n<\/p><\/fieldset>\n<div>\n<input type=\"submit\" value=\"Aceptar\" class=\"wpcf7-form-control has-spinner wpcf7-submit\" \/>\n<\/div>\n<input type='hidden' class='wpcf7-pum' value='{\"closepopup\":false,\"closedelay\":0,\"openpopup\":false,\"openpopup_id\":0}' \/><div class=\"wpcf7-response-output\" aria-hidden=\"true\"><\/div><\/form><\/div><\/div>\n\t\t\t\t<\/div>\n\t\t\t\t<\/div>\n\t\t\t\t<div class=\"elementor-element elementor-element-d5d204a elementor-widget elementor-widget-button\" data-id=\"d5d204a\" data-element_type=\"widget\" data-widget_type=\"button.default\">\n\t\t\t\t<div class=\"elementor-widget-container\">\n\t\t\t\t\t<div class=\"elementor-button-wrapper\">\n\t\t\t<a href=\"https:\/\/www.micoaventura.com\/wp-content\/uploads\/2024\/07\/Normativa-i-condicions_esp.docx.pdf\" class=\"elementor-button-link elementor-button elementor-size-sm\" role=\"button\">\n\t\t\t\t\t\t<span class=\"elementor-button-content-wrapper\">\n\t\t\t\t\t\t<span class=\"elementor-button-text\">Descargar reglamento<\/span>\n\t\t<\/span>\n\t\t\t\t\t<\/a>\n\t\t<\/div>\n\t\t\t\t<\/div>\n\t\t\t\t<\/div>\n\t\t\t\t\t<\/div>\n\t\t<\/div>\n\t\t\t\t\t\t\t<\/div>\n\t\t<\/section>\n\t\t\t\t\t<\/div>\n\t\t<\/div>\n\t\t\t\t\t\t\t<\/div>\n\t\t<\/section>\n\t\t\t\t\t\t\t<\/div>\n\t\t","protected":false},"excerpt":{"rendered":"<p>FIRMAR NORMATIVA REGLAMENTO DE SEGURIDAD Y CONDICIONES * Campos obligatorios Descargar reglamento<\/p>\n","protected":false},"author":2,"featured_media":0,"parent":0,"menu_order":0,"comment_status":"closed","ping_status":"closed","template":"elementor_header_footer","meta":{"inline_featured_image":false},"_links":{"self":[{"href":"https:\/\/www.micoaventura.com\/es\/wp-json\/wp\/v2\/pages\/4304"}],"collection":[{"href":"https:\/\/www.micoaventura.com\/es\/wp-json\/wp\/v2\/pages"}],"about":[{"href":"https:\/\/www.micoaventura.com\/es\/wp-json\/wp\/v2\/types\/page"}],"author":[{"embeddable":true,"href":"https:\/\/www.micoaventura.com\/es\/wp-json\/wp\/v2\/users\/2"}],"replies":[{"embeddable":true,"href":"https:\/\/www.micoaventura.com\/es\/wp-json\/wp\/v2\/comments?post=4304"}],"version-history":[{"count":23,"href":"https:\/\/www.micoaventura.com\/es\/wp-json\/wp\/v2\/pages\/4304\/revisions"}],"predecessor-version":[{"id":5922,"href":"https:\/\/www.micoaventura.com\/es\/wp-json\/wp\/v2\/pages\/4304\/revisions\/5922"}],"wp:attachment":[{"href":"https:\/\/www.micoaventura.com\/es\/wp-json\/wp\/v2\/media?parent=4304"}],"curies":[{"name":"wp","href":"https:\/\/api.w.org\/{rel}","templated":true}]}}