{"id":2490,"date":"2022-04-20T18:10:27","date_gmt":"2022-04-20T16:10:27","guid":{"rendered":"https:\/\/www.micoaventura.com\/?page_id=2490"},"modified":"2022-05-16T17:11:00","modified_gmt":"2022-05-16T15:11:00","slug":"alquiler-de-espacios","status":"publish","type":"page","link":"https:\/\/www.micoaventura.com\/es\/actividades-para-grupos\/alquiler-de-espacios\/","title":{"rendered":"Alquiler de espacios"},"content":{"rendered":"\t\t<div data-elementor-type=\"wp-page\" data-elementor-id=\"2490\" class=\"elementor elementor-2490\">\n\t\t\t\t\t\t\t\t\t<section class=\"elementor-section elementor-top-section elementor-element elementor-element-82657fc elementor-section-boxed elementor-section-height-default elementor-section-height-default\" data-id=\"82657fc\" data-element_type=\"section\" data-settings=\"{&quot;background_background&quot;:&quot;classic&quot;}\">\n\t\t\t\t\t\t\t<div class=\"elementor-background-overlay\"><\/div>\n\t\t\t\t\t\t\t<div class=\"elementor-container elementor-column-gap-default\">\n\t\t\t\t\t<div class=\"elementor-column elementor-col-100 elementor-top-column elementor-element elementor-element-5499f2b\" data-id=\"5499f2b\" data-element_type=\"column\">\n\t\t\t<div class=\"elementor-widget-wrap elementor-element-populated\">\n\t\t\t\t\t\t\t\t<div class=\"elementor-element elementor-element-404a632 animated-slow elementor-invisible elementor-widget elementor-widget-heading\" data-id=\"404a632\" data-element_type=\"widget\" data-settings=\"{&quot;_animation&quot;:&quot;fadeInRight&quot;}\" data-widget_type=\"heading.default\">\n\t\t\t\t<div class=\"elementor-widget-container\">\n\t\t\t<h2 class=\"elementor-heading-title elementor-size-default\">Alquiler de espacios<\/h2>\t\t<\/div>\n\t\t\t\t<\/div>\n\t\t\t\t<div class=\"elementor-element elementor-element-c16f71a elementor-widget-divider--view-line elementor-widget elementor-widget-divider\" data-id=\"c16f71a\" data-element_type=\"widget\" data-widget_type=\"divider.default\">\n\t\t\t\t<div class=\"elementor-widget-container\">\n\t\t\t\t\t<div class=\"elementor-divider\">\n\t\t\t<span class=\"elementor-divider-separator\">\n\t\t\t\t\t\t<\/span>\n\t\t<\/div>\n\t\t\t\t<\/div>\n\t\t\t\t<\/div>\n\t\t\t\t<div class=\"elementor-element elementor-element-ab971a5 elementor-widget elementor-widget-text-editor\" data-id=\"ab971a5\" data-element_type=\"widget\" data-widget_type=\"text-editor.default\">\n\t\t\t\t<div class=\"elementor-widget-container\">\n\t\t\t\t\t\t\t<p>Tienes en mente alguna idea que no est\u00e1 en nuestro cat\u00e1logo? Personalizamos nuestra oferta adapt\u00e1ndonos a tus necesidades.<\/p>\t\t\t\t\t\t<\/div>\n\t\t\t\t<\/div>\n\t\t\t\t\t<\/div>\n\t\t<\/div>\n\t\t\t\t\t\t\t<\/div>\n\t\t<\/section>\n\t\t\t\t<section class=\"elementor-section elementor-top-section elementor-element elementor-element-3996ce1 elementor-section-boxed elementor-section-height-default elementor-section-height-default\" data-id=\"3996ce1\" data-element_type=\"section\">\n\t\t\t\t\t\t\t<div class=\"elementor-background-overlay\"><\/div>\n\t\t\t\t\t\t\t<div class=\"elementor-container elementor-column-gap-no\">\n\t\t\t\t\t<div class=\"elementor-column elementor-col-50 elementor-top-column elementor-element elementor-element-98ddd67\" data-id=\"98ddd67\" data-element_type=\"column\">\n\t\t\t<div class=\"elementor-widget-wrap elementor-element-populated\">\n\t\t\t\t\t\t\t\t<div class=\"elementor-element elementor-element-90598e6 animated-slow elementor-invisible elementor-widget elementor-widget-heading\" data-id=\"90598e6\" data-element_type=\"widget\" data-settings=\"{&quot;_animation&quot;:&quot;fadeInRight&quot;}\" data-widget_type=\"heading.default\">\n\t\t\t\t<div class=\"elementor-widget-container\">\n\t\t\t<h2 class=\"elementor-heading-title elementor-size-default\">\u00a1Cu\u00e9ntanos tu idea!<\/h2>\t\t<\/div>\n\t\t\t\t<\/div>\n\t\t\t\t<div class=\"elementor-element elementor-element-e43d0bd elementor-widget elementor-widget-text-editor\" data-id=\"e43d0bd\" data-element_type=\"widget\" data-widget_type=\"text-editor.default\">\n\t\t\t\t<div class=\"elementor-widget-container\">\n\t\t\t\t\t\t\t<p><span style=\"font-weight: 400;\">Tienes alguna idea que no est\u00e1 en nuestro cat\u00e1logo? Una presentaci\u00f3n de producto, un rodaje, una celebraci\u00f3n familiar, un aniversario de bodas, fiesta de final de curso\u2026 Expl\u00edcanos qu\u00e9 tienes en mente y nos ponemos manos a la obra para organizar tu evento personalizado.\u00a0\u00a0<\/span><\/p><p><span style=\"font-weight: 400;\">Ponemos a disposici\u00f3n las <\/span><a href=\"https:\/\/www.micoaventura.com\/actividades-para-grupos\/\"><span style=\"font-weight: 400;\">actividades y servicios<\/span><\/a><span style=\"font-weight: 400;\"> del parque y de <\/span><a href=\"https:\/\/www.micoaventura.com\/jungle\"><span style=\"font-weight: 400;\">Jungle &#8211; Pizza &amp; Music<\/span><span style=\"font-weight: 400;\">.<\/span><\/a><\/p><p><strong>Podemos buscar los extras que necesites: un escenario, una cata de vinos o degustaci\u00f3n, servicio de camareros, animaci\u00f3n infantil, una sesi\u00f3n de fotos\u2026<\/strong><\/p><p><span style=\"font-weight: 400;\">No te cortes en comentarnos cualquier locura que tengas en mente y juntos nos ponemos a desarrollarla!<\/span><\/p><p><span style=\"font-weight: 400;\">Disponemos de:<\/span><\/p>\t\t\t\t\t\t<\/div>\n\t\t\t\t<\/div>\n\t\t\t\t<div class=\"elementor-element elementor-element-7ae2424 elementor-icon-list--layout-traditional elementor-list-item-link-full_width elementor-widget elementor-widget-icon-list\" data-id=\"7ae2424\" data-element_type=\"widget\" data-widget_type=\"icon-list.default\">\n\t\t\t\t<div class=\"elementor-widget-container\">\n\t\t\t\t\t<ul class=\"elementor-icon-list-items\">\n\t\t\t\t\t\t\t<li class=\"elementor-icon-list-item\">\n\t\t\t\t\t\t\t\t\t\t\t<a href=\"https:\/\/www.micoaventura.com\/actividades-para-grupos\/\">\n\n\t\t\t\t\t\t\t\t\t\t\t\t<span class=\"elementor-icon-list-icon\">\n\t\t\t\t\t\t\t<i aria-hidden=\"true\" class=\"fas fa-check\"><\/i>\t\t\t\t\t\t<\/span>\n\t\t\t\t\t\t\t\t\t\t<span class=\"elementor-icon-list-text\">Actividades del Parque<\/span>\n\t\t\t\t\t\t\t\t\t\t\t<\/a>\n\t\t\t\t\t\t\t\t\t<\/li>\n\t\t\t\t\t\t\t\t<li class=\"elementor-icon-list-item\">\n\t\t\t\t\t\t\t\t\t\t\t<span class=\"elementor-icon-list-icon\">\n\t\t\t\t\t\t\t<i aria-hidden=\"true\" class=\"fas fa-check\"><\/i>\t\t\t\t\t\t<\/span>\n\t\t\t\t\t\t\t\t\t\t<span class=\"elementor-icon-list-text\">Recinto-jard\u00edn de 5000m2<\/span>\n\t\t\t\t\t\t\t\t\t<\/li>\n\t\t\t\t\t\t\t\t<li class=\"elementor-icon-list-item\">\n\t\t\t\t\t\t\t\t\t\t\t<span class=\"elementor-icon-list-icon\">\n\t\t\t\t\t\t\t<i aria-hidden=\"true\" class=\"fas fa-check\"><\/i>\t\t\t\t\t\t<\/span>\n\t\t\t\t\t\t\t\t\t\t<span class=\"elementor-icon-list-text\">Mirador a 13m de altura<\/span>\n\t\t\t\t\t\t\t\t\t<\/li>\n\t\t\t\t\t\t\t\t<li class=\"elementor-icon-list-item\">\n\t\t\t\t\t\t\t\t\t\t\t<span class=\"elementor-icon-list-icon\">\n\t\t\t\t\t\t\t<i aria-hidden=\"true\" class=\"fas fa-check\"><\/i>\t\t\t\t\t\t<\/span>\n\t\t\t\t\t\t\t\t\t\t<span class=\"elementor-icon-list-text\">Circo interior dentro la estructura de madera<\/span>\n\t\t\t\t\t\t\t\t\t<\/li>\n\t\t\t\t\t\t\t\t<li class=\"elementor-icon-list-item\">\n\t\t\t\t\t\t\t\t\t\t\t<a href=\"https:\/\/www.micoaventura.com\/mico-pizza\/\">\n\n\t\t\t\t\t\t\t\t\t\t\t\t<span class=\"elementor-icon-list-icon\">\n\t\t\t\t\t\t\t<i aria-hidden=\"true\" class=\"fas fa-check\"><\/i>\t\t\t\t\t\t<\/span>\n\t\t\t\t\t\t\t\t\t\t<span class=\"elementor-icon-list-text\">Terraza-bar del Jungle - Pizza & Music<\/span>\n\t\t\t\t\t\t\t\t\t\t\t<\/a>\n\t\t\t\t\t\t\t\t\t<\/li>\n\t\t\t\t\t\t\t\t<li class=\"elementor-icon-list-item\">\n\t\t\t\t\t\t\t\t\t\t\t<span class=\"elementor-icon-list-icon\">\n\t\t\t\t\t\t\t<i aria-hidden=\"true\" class=\"fas fa-check\"><\/i>\t\t\t\t\t\t<\/span>\n\t\t\t\t\t\t\t\t\t\t<span class=\"elementor-icon-list-text\">Parking privado<\/span>\n\t\t\t\t\t\t\t\t\t<\/li>\n\t\t\t\t\t\t<\/ul>\n\t\t\t\t<\/div>\n\t\t\t\t<\/div>\n\t\t\t\t<div class=\"elementor-element elementor-element-8cc3f9d elementor-mobile-align-center elementor-widget__width-inherit elementor-widget-mobile__width-inherit elementor-widget elementor-widget-button\" data-id=\"8cc3f9d\" data-element_type=\"widget\" data-widget_type=\"button.default\">\n\t\t\t\t<div class=\"elementor-widget-container\">\n\t\t\t\t\t<div class=\"elementor-button-wrapper\">\n\t\t\t<a href=\"https:\/\/www.micoaventura.com\/contacto\/\" class=\"elementor-button-link elementor-button elementor-size-sm elementor-animation-float\" role=\"button\">\n\t\t\t\t\t\t<span class=\"elementor-button-content-wrapper\">\n\t\t\t\t\t\t<span class=\"elementor-button-text\">Contactar<\/span>\n\t\t<\/span>\n\t\t\t\t\t<\/a>\n\t\t<\/div>\n\t\t\t\t<\/div>\n\t\t\t\t<\/div>\n\t\t\t\t\t<\/div>\n\t\t<\/div>\n\t\t\t\t<div class=\"elementor-column elementor-col-50 elementor-top-column elementor-element elementor-element-fb72053\" data-id=\"fb72053\" data-element_type=\"column\">\n\t\t\t<div class=\"elementor-widget-wrap elementor-element-populated\">\n\t\t\t\t\t\t\t\t<section class=\"elementor-section elementor-inner-section elementor-element elementor-element-2de2dc7 elementor-section-boxed elementor-section-height-default elementor-section-height-default\" data-id=\"2de2dc7\" data-element_type=\"section\">\n\t\t\t\t\t\t<div class=\"elementor-container elementor-column-gap-no\">\n\t\t\t\t\t<div class=\"elementor-column elementor-col-50 elementor-inner-column elementor-element elementor-element-051537a\" data-id=\"051537a\" data-element_type=\"column\">\n\t\t\t<div class=\"elementor-widget-wrap elementor-element-populated\">\n\t\t\t\t\t\t\t\t<div class=\"elementor-element elementor-element-c34d71d elementor-widget elementor-widget-image\" data-id=\"c34d71d\" data-element_type=\"widget\" data-widget_type=\"image.default\">\n\t\t\t\t<div class=\"elementor-widget-container\">\n\t\t\t\t\t\t\t\t\t\t\t\t\t\t\t\t<a href=\"https:\/\/www.micoaventura.com\/wp-content\/uploads\/2022\/05\/2022.04.24_MICO-AVENTURA_0135.jpg\" data-elementor-open-lightbox=\"yes\" data-elementor-lightbox-title=\"2022.04.24_MICO AVENTURA_0135\" e-action-hash=\"#elementor-action%3Aaction%3Dlightbox%26settings%3DeyJpZCI6MzE1OSwidXJsIjoiaHR0cHM6XC9cL3d3dy5taWNvYXZlbnR1cmEuY29tXC93cC1jb250ZW50XC91cGxvYWRzXC8yMDIyXC8wNVwvMjAyMi4wNC4yNF9NSUNPLUFWRU5UVVJBXzAxMzUuanBnIn0%3D\">\n\t\t\t\t\t\t\t<img width=\"2000\" height=\"1333\" src=\"https:\/\/www.micoaventura.com\/wp-content\/uploads\/2022\/05\/2022.04.24_MICO-AVENTURA_0135.jpg\" class=\"elementor-animation-grow attachment-full size-full\" alt=\"\" loading=\"lazy\" srcset=\"https:\/\/www.micoaventura.com\/wp-content\/uploads\/2022\/05\/2022.04.24_MICO-AVENTURA_0135.jpg 2000w, https:\/\/www.micoaventura.com\/wp-content\/uploads\/2022\/05\/2022.04.24_MICO-AVENTURA_0135-300x200.jpg 300w, https:\/\/www.micoaventura.com\/wp-content\/uploads\/2022\/05\/2022.04.24_MICO-AVENTURA_0135-1024x682.jpg 1024w, https:\/\/www.micoaventura.com\/wp-content\/uploads\/2022\/05\/2022.04.24_MICO-AVENTURA_0135-768x512.jpg 768w, https:\/\/www.micoaventura.com\/wp-content\/uploads\/2022\/05\/2022.04.24_MICO-AVENTURA_0135-1536x1024.jpg 1536w\" sizes=\"(max-width: 2000px) 100vw, 2000px\" \/>\t\t\t\t\t\t\t\t<\/a>\n\t\t\t\t\t\t\t\t\t\t\t\t\t\t\t<\/div>\n\t\t\t\t<\/div>\n\t\t\t\t<div class=\"elementor-element elementor-element-14109ba elementor-widget elementor-widget-image\" data-id=\"14109ba\" data-element_type=\"widget\" data-widget_type=\"image.default\">\n\t\t\t\t<div class=\"elementor-widget-container\">\n\t\t\t\t\t\t\t\t\t\t\t\t\t\t\t\t<a href=\"https:\/\/www.micoaventura.com\/wp-content\/uploads\/2022\/05\/2022.04.24_MICO-AVENTURA_0392.jpg\" data-elementor-open-lightbox=\"yes\" data-elementor-lightbox-title=\"2022.04.24_MICO AVENTURA_0392\" e-action-hash=\"#elementor-action%3Aaction%3Dlightbox%26settings%3DeyJpZCI6MzE2MSwidXJsIjoiaHR0cHM6XC9cL3d3dy5taWNvYXZlbnR1cmEuY29tXC93cC1jb250ZW50XC91cGxvYWRzXC8yMDIyXC8wNVwvMjAyMi4wNC4yNF9NSUNPLUFWRU5UVVJBXzAzOTIuanBnIn0%3D\">\n\t\t\t\t\t\t\t<img width=\"1331\" height=\"2000\" src=\"https:\/\/www.micoaventura.com\/wp-content\/uploads\/2022\/05\/2022.04.24_MICO-AVENTURA_0392.jpg\" class=\"elementor-animation-grow attachment-full size-full\" alt=\"\" loading=\"lazy\" srcset=\"https:\/\/www.micoaventura.com\/wp-content\/uploads\/2022\/05\/2022.04.24_MICO-AVENTURA_0392.jpg 1331w, https:\/\/www.micoaventura.com\/wp-content\/uploads\/2022\/05\/2022.04.24_MICO-AVENTURA_0392-200x300.jpg 200w, https:\/\/www.micoaventura.com\/wp-content\/uploads\/2022\/05\/2022.04.24_MICO-AVENTURA_0392-681x1024.jpg 681w, https:\/\/www.micoaventura.com\/wp-content\/uploads\/2022\/05\/2022.04.24_MICO-AVENTURA_0392-768x1154.jpg 768w, https:\/\/www.micoaventura.com\/wp-content\/uploads\/2022\/05\/2022.04.24_MICO-AVENTURA_0392-1022x1536.jpg 1022w\" sizes=\"(max-width: 1331px) 100vw, 1331px\" \/>\t\t\t\t\t\t\t\t<\/a>\n\t\t\t\t\t\t\t\t\t\t\t\t\t\t\t<\/div>\n\t\t\t\t<\/div>\n\t\t\t\t\t<\/div>\n\t\t<\/div>\n\t\t\t\t<div class=\"elementor-column elementor-col-50 elementor-inner-column elementor-element elementor-element-dcad141\" data-id=\"dcad141\" data-element_type=\"column\">\n\t\t\t<div class=\"elementor-widget-wrap elementor-element-populated\">\n\t\t\t\t\t\t\t\t<div class=\"elementor-element elementor-element-b2bcd4f elementor-widget elementor-widget-image\" data-id=\"b2bcd4f\" data-element_type=\"widget\" data-widget_type=\"image.default\">\n\t\t\t\t<div class=\"elementor-widget-container\">\n\t\t\t\t\t\t\t\t\t\t\t\t\t\t\t\t<a href=\"https:\/\/www.micoaventura.com\/wp-content\/uploads\/2022\/05\/2022.04.24_MICO-AVENTURA_2146.jpg\" data-elementor-open-lightbox=\"yes\" data-elementor-lightbox-title=\"2022.04.24_MICO AVENTURA_2146\" e-action-hash=\"#elementor-action%3Aaction%3Dlightbox%26settings%3DeyJpZCI6MzE2MywidXJsIjoiaHR0cHM6XC9cL3d3dy5taWNvYXZlbnR1cmEuY29tXC93cC1jb250ZW50XC91cGxvYWRzXC8yMDIyXC8wNVwvMjAyMi4wNC4yNF9NSUNPLUFWRU5UVVJBXzIxNDYuanBnIn0%3D\">\n\t\t\t\t\t\t\t<img width=\"1331\" height=\"2000\" src=\"https:\/\/www.micoaventura.com\/wp-content\/uploads\/2022\/05\/2022.04.24_MICO-AVENTURA_2146.jpg\" class=\"elementor-animation-grow attachment-full size-full\" alt=\"\" loading=\"lazy\" srcset=\"https:\/\/www.micoaventura.com\/wp-content\/uploads\/2022\/05\/2022.04.24_MICO-AVENTURA_2146.jpg 1331w, https:\/\/www.micoaventura.com\/wp-content\/uploads\/2022\/05\/2022.04.24_MICO-AVENTURA_2146-200x300.jpg 200w, https:\/\/www.micoaventura.com\/wp-content\/uploads\/2022\/05\/2022.04.24_MICO-AVENTURA_2146-681x1024.jpg 681w, https:\/\/www.micoaventura.com\/wp-content\/uploads\/2022\/05\/2022.04.24_MICO-AVENTURA_2146-768x1154.jpg 768w, https:\/\/www.micoaventura.com\/wp-content\/uploads\/2022\/05\/2022.04.24_MICO-AVENTURA_2146-1022x1536.jpg 1022w\" sizes=\"(max-width: 1331px) 100vw, 1331px\" \/>\t\t\t\t\t\t\t\t<\/a>\n\t\t\t\t\t\t\t\t\t\t\t\t\t\t\t<\/div>\n\t\t\t\t<\/div>\n\t\t\t\t<div class=\"elementor-element elementor-element-44ccf65 elementor-widget elementor-widget-image\" data-id=\"44ccf65\" data-element_type=\"widget\" data-widget_type=\"image.default\">\n\t\t\t\t<div class=\"elementor-widget-container\">\n\t\t\t\t\t\t\t\t\t\t\t\t\t\t\t\t<a href=\"https:\/\/www.micoaventura.com\/wp-content\/uploads\/2022\/05\/2022.04.24_MICO-AVENTURA_2152.jpg\" data-elementor-open-lightbox=\"yes\" data-elementor-lightbox-title=\"2022.04.24_MICO AVENTURA_2152\" e-action-hash=\"#elementor-action%3Aaction%3Dlightbox%26settings%3DeyJpZCI6MzE2NSwidXJsIjoiaHR0cHM6XC9cL3d3dy5taWNvYXZlbnR1cmEuY29tXC93cC1jb250ZW50XC91cGxvYWRzXC8yMDIyXC8wNVwvMjAyMi4wNC4yNF9NSUNPLUFWRU5UVVJBXzIxNTIuanBnIn0%3D\">\n\t\t\t\t\t\t\t<img width=\"2000\" height=\"1331\" src=\"https:\/\/www.micoaventura.com\/wp-content\/uploads\/2022\/05\/2022.04.24_MICO-AVENTURA_2152.jpg\" class=\"elementor-animation-grow attachment-full size-full\" alt=\"\" loading=\"lazy\" srcset=\"https:\/\/www.micoaventura.com\/wp-content\/uploads\/2022\/05\/2022.04.24_MICO-AVENTURA_2152.jpg 2000w, https:\/\/www.micoaventura.com\/wp-content\/uploads\/2022\/05\/2022.04.24_MICO-AVENTURA_2152-300x200.jpg 300w, https:\/\/www.micoaventura.com\/wp-content\/uploads\/2022\/05\/2022.04.24_MICO-AVENTURA_2152-1024x681.jpg 1024w, https:\/\/www.micoaventura.com\/wp-content\/uploads\/2022\/05\/2022.04.24_MICO-AVENTURA_2152-768x511.jpg 768w, https:\/\/www.micoaventura.com\/wp-content\/uploads\/2022\/05\/2022.04.24_MICO-AVENTURA_2152-1536x1022.jpg 1536w\" sizes=\"(max-width: 2000px) 100vw, 2000px\" \/>\t\t\t\t\t\t\t\t<\/a>\n\t\t\t\t\t\t\t\t\t\t\t\t\t\t\t<\/div>\n\t\t\t\t<\/div>\n\t\t\t\t\t<\/div>\n\t\t<\/div>\n\t\t\t\t\t\t\t<\/div>\n\t\t<\/section>\n\t\t\t\t\t<\/div>\n\t\t<\/div>\n\t\t\t\t\t\t\t<\/div>\n\t\t<\/section>\n\t\t\t\t\t\t\t<\/div>\n\t\t","protected":false},"excerpt":{"rendered":"<p>Alquiler de espacios Tienes en mente alguna idea que no est\u00e1 en nuestro cat\u00e1logo? Personalizamos nuestra oferta adapt\u00e1ndonos a tus necesidades. \u00a1Cu\u00e9ntanos tu idea! Tienes alguna idea que no est\u00e1 en nuestro cat\u00e1logo? Una presentaci\u00f3n de producto, un rodaje, una celebraci\u00f3n familiar, un aniversario de bodas, fiesta de final de curso\u2026 Expl\u00edcanos qu\u00e9 tienes en [&hellip;]<\/p>\n","protected":false},"author":2,"featured_media":0,"parent":1707,"menu_order":0,"comment_status":"closed","ping_status":"closed","template":"elementor_header_footer","meta":{"inline_featured_image":false},"_links":{"self":[{"href":"https:\/\/www.micoaventura.com\/es\/wp-json\/wp\/v2\/pages\/2490"}],"collection":[{"href":"https:\/\/www.micoaventura.com\/es\/wp-json\/wp\/v2\/pages"}],"about":[{"href":"https:\/\/www.micoaventura.com\/es\/wp-json\/wp\/v2\/types\/page"}],"author":[{"embeddable":true,"href":"https:\/\/www.micoaventura.com\/es\/wp-json\/wp\/v2\/users\/2"}],"replies":[{"embeddable":true,"href":"https:\/\/www.micoaventura.com\/es\/wp-json\/wp\/v2\/comments?post=2490"}],"version-history":[{"count":22,"href":"https:\/\/www.micoaventura.com\/es\/wp-json\/wp\/v2\/pages\/2490\/revisions"}],"predecessor-version":[{"id":3786,"href":"https:\/\/www.micoaventura.com\/es\/wp-json\/wp\/v2\/pages\/2490\/revisions\/3786"}],"up":[{"embeddable":true,"href":"https:\/\/www.micoaventura.com\/es\/wp-json\/wp\/v2\/pages\/1707"}],"wp:attachment":[{"href":"https:\/\/www.micoaventura.com\/es\/wp-json\/wp\/v2\/media?parent=2490"}],"curies":[{"name":"wp","href":"https:\/\/api.w.org\/{rel}","templated":true}]}}