{"id":2474,"date":"2022-04-20T18:01:19","date_gmt":"2022-04-20T16:01:19","guid":{"rendered":"https:\/\/www.micoaventura.com\/?page_id=2474"},"modified":"2022-05-17T10:05:49","modified_gmt":"2022-05-17T08:05:49","slug":"empresas","status":"publish","type":"page","link":"https:\/\/www.micoaventura.com\/es\/actividades-para-grupos\/empresas\/","title":{"rendered":"Empresas"},"content":{"rendered":"\t\t<div data-elementor-type=\"wp-page\" data-elementor-id=\"2474\" class=\"elementor elementor-2474\">\n\t\t\t\t\t\t\t\t\t<section class=\"elementor-section elementor-top-section elementor-element elementor-element-bbae522 elementor-section-boxed elementor-section-height-default elementor-section-height-default\" data-id=\"bbae522\" data-element_type=\"section\" data-settings=\"{&quot;background_background&quot;:&quot;classic&quot;}\">\n\t\t\t\t\t\t\t<div class=\"elementor-background-overlay\"><\/div>\n\t\t\t\t\t\t\t<div class=\"elementor-container elementor-column-gap-default\">\n\t\t\t\t\t<div class=\"elementor-column elementor-col-100 elementor-top-column elementor-element elementor-element-586f54a\" data-id=\"586f54a\" data-element_type=\"column\">\n\t\t\t<div class=\"elementor-widget-wrap elementor-element-populated\">\n\t\t\t\t\t\t\t\t<div class=\"elementor-element elementor-element-5c4fab7 animated-slow elementor-invisible elementor-widget elementor-widget-heading\" data-id=\"5c4fab7\" data-element_type=\"widget\" data-settings=\"{&quot;_animation&quot;:&quot;fadeInRight&quot;}\" data-widget_type=\"heading.default\">\n\t\t\t\t<div class=\"elementor-widget-container\">\n\t\t\t<h2 class=\"elementor-heading-title elementor-size-default\">Empresas y teambuilding<\/h2>\t\t<\/div>\n\t\t\t\t<\/div>\n\t\t\t\t<div class=\"elementor-element elementor-element-36150c6 elementor-widget-divider--view-line elementor-widget elementor-widget-divider\" data-id=\"36150c6\" data-element_type=\"widget\" data-widget_type=\"divider.default\">\n\t\t\t\t<div class=\"elementor-widget-container\">\n\t\t\t\t\t<div class=\"elementor-divider\">\n\t\t\t<span class=\"elementor-divider-separator\">\n\t\t\t\t\t\t<\/span>\n\t\t<\/div>\n\t\t\t\t<\/div>\n\t\t\t\t<\/div>\n\t\t\t\t<div class=\"elementor-element elementor-element-1c86d0e elementor-widget elementor-widget-text-editor\" data-id=\"1c86d0e\" data-element_type=\"widget\" data-widget_type=\"text-editor.default\">\n\t\t\t\t<div class=\"elementor-widget-container\">\n\t\t\t\t\t\t\t<p><span style=\"font-weight: 400;\">\u00bfBuscas un espacio para realizar eventos corporativos? \u00bfUn momento de calidad con vuestros empleados\/as y compa\u00f1eros\/as?<\/span><\/p>\t\t\t\t\t\t<\/div>\n\t\t\t\t<\/div>\n\t\t\t\t\t<\/div>\n\t\t<\/div>\n\t\t\t\t\t\t\t<\/div>\n\t\t<\/section>\n\t\t\t\t<section class=\"elementor-section elementor-top-section elementor-element elementor-element-1586713 elementor-section-boxed elementor-section-height-default elementor-section-height-default\" data-id=\"1586713\" data-element_type=\"section\">\n\t\t\t\t\t\t\t<div class=\"elementor-background-overlay\"><\/div>\n\t\t\t\t\t\t\t<div class=\"elementor-container elementor-column-gap-no\">\n\t\t\t\t\t<div class=\"elementor-column elementor-col-50 elementor-top-column elementor-element elementor-element-4f19ab9\" data-id=\"4f19ab9\" data-element_type=\"column\">\n\t\t\t<div class=\"elementor-widget-wrap elementor-element-populated\">\n\t\t\t\t\t\t\t\t<div class=\"elementor-element elementor-element-9273869 animated-slow elementor-invisible elementor-widget elementor-widget-heading\" data-id=\"9273869\" data-element_type=\"widget\" data-settings=\"{&quot;_animation&quot;:&quot;fadeInRight&quot;}\" data-widget_type=\"heading.default\">\n\t\t\t\t<div class=\"elementor-widget-container\">\n\t\t\t<h2 class=\"elementor-heading-title elementor-size-default\">\u00a1Esp\u00edritu de equipo!<\/h2>\t\t<\/div>\n\t\t\t\t<\/div>\n\t\t\t\t<div class=\"elementor-element elementor-element-bc5c137 elementor-widget elementor-widget-text-editor\" data-id=\"bc5c137\" data-element_type=\"widget\" data-widget_type=\"text-editor.default\">\n\t\t\t\t<div class=\"elementor-widget-container\">\n\t\t\t\t\t\t\t<p><span style=\"font-weight: 400;\">\u00bfBuscas un espacio para realizar eventos corporativos? \u00bfUn momento de calidad con vuestros empleados\/as y compa\u00f1eros\/as?<\/span><\/p><p><span style=\"font-weight: 400;\">\u00a1La cultura de empresa es importante!<\/span><\/p><p><span style=\"font-weight: 400;\">Ofrecemos un espacio al aire libre, ideal para desconectar, re\u00edr en equipo y liberar las tensiones del d\u00eda a d\u00eda. Adem\u00e1s, ofrecemos actividades de team building para trabajar competencias personales: trabajo en equipo, habilidades comunicativas, liderazgo\u2026<\/span><\/p><p><span style=\"font-weight: 400;\">Ponemos a vuestra disposici\u00f3n los espacios y servicios del parque para completar vuestro evento: espacio de picnic, Jungle &#8211; Pizza &amp; Music, terraza-mirador, parking privado,&#8230;<\/span><\/p>\t\t\t\t\t\t<\/div>\n\t\t\t\t<\/div>\n\t\t\t\t<div class=\"elementor-element elementor-element-490d71a elementor-icon-list--layout-traditional elementor-list-item-link-full_width elementor-widget elementor-widget-icon-list\" data-id=\"490d71a\" data-element_type=\"widget\" data-widget_type=\"icon-list.default\">\n\t\t\t\t<div class=\"elementor-widget-container\">\n\t\t\t\t\t<ul class=\"elementor-icon-list-items\">\n\t\t\t\t\t\t\t<li class=\"elementor-icon-list-item\">\n\t\t\t\t\t\t\t\t\t\t\t<span class=\"elementor-icon-list-icon\">\n\t\t\t\t\t\t\t<i aria-hidden=\"true\" class=\"fas fa-check\"><\/i>\t\t\t\t\t\t<\/span>\n\t\t\t\t\t\t\t\t\t\t<span class=\"elementor-icon-list-text\">Incentivos<\/span>\n\t\t\t\t\t\t\t\t\t<\/li>\n\t\t\t\t\t\t\t\t<li class=\"elementor-icon-list-item\">\n\t\t\t\t\t\t\t\t\t\t\t<span class=\"elementor-icon-list-icon\">\n\t\t\t\t\t\t\t<i aria-hidden=\"true\" class=\"fas fa-check\"><\/i>\t\t\t\t\t\t<\/span>\n\t\t\t\t\t\t\t\t\t\t<span class=\"elementor-icon-list-text\">Actividades de Team Building<\/span>\n\t\t\t\t\t\t\t\t\t<\/li>\n\t\t\t\t\t\t\t\t<li class=\"elementor-icon-list-item\">\n\t\t\t\t\t\t\t\t\t\t\t<span class=\"elementor-icon-list-icon\">\n\t\t\t\t\t\t\t<i aria-hidden=\"true\" class=\"fas fa-check\"><\/i>\t\t\t\t\t\t<\/span>\n\t\t\t\t\t\t\t\t\t\t<span class=\"elementor-icon-list-text\">Espacios para eventos corporativos<\/span>\n\t\t\t\t\t\t\t\t\t<\/li>\n\t\t\t\t\t\t<\/ul>\n\t\t\t\t<\/div>\n\t\t\t\t<\/div>\n\t\t\t\t<div class=\"elementor-element elementor-element-08b9055 elementor-widget elementor-widget-text-editor\" data-id=\"08b9055\" data-element_type=\"widget\" data-widget_type=\"text-editor.default\">\n\t\t\t\t<div class=\"elementor-widget-container\">\n\t\t\t\t\t\t\t<p><span style=\"font-weight: 400;\">Organizamos los extras que te convengan: Equipo de sonido, \u00bfsesi\u00f3n de fotos\/v\u00eddeo del evento?, \u00bfqu\u00e9 te parecer\u00eda una cata de vinos?&#8230;<\/span><\/p><p><span style=\"font-weight: 400;\">Contacta con nosotros y cu\u00e9ntanos qu\u00e9 tienes en mente. \u00a1Te lo ponemos f\u00e1cil! <\/span><\/p>\t\t\t\t\t\t<\/div>\n\t\t\t\t<\/div>\n\t\t\t\t<div class=\"elementor-element elementor-element-940fab7 elementor-mobile-align-center elementor-widget__width-auto elementor-widget-mobile__width-inherit elementor-widget elementor-widget-button\" data-id=\"940fab7\" data-element_type=\"widget\" data-widget_type=\"button.default\">\n\t\t\t\t<div class=\"elementor-widget-container\">\n\t\t\t\t\t<div class=\"elementor-button-wrapper\">\n\t\t\t<a href=\"https:\/\/www.micoaventura.com\/contacto\/\" class=\"elementor-button-link elementor-button elementor-size-sm elementor-animation-float\" role=\"button\">\n\t\t\t\t\t\t<span class=\"elementor-button-content-wrapper\">\n\t\t\t\t\t\t<span class=\"elementor-button-text\">Contactar<\/span>\n\t\t<\/span>\n\t\t\t\t\t<\/a>\n\t\t<\/div>\n\t\t\t\t<\/div>\n\t\t\t\t<\/div>\n\t\t\t\t\t<\/div>\n\t\t<\/div>\n\t\t\t\t<div class=\"elementor-column elementor-col-50 elementor-top-column elementor-element elementor-element-5c5f948\" data-id=\"5c5f948\" data-element_type=\"column\">\n\t\t\t<div class=\"elementor-widget-wrap elementor-element-populated\">\n\t\t\t\t\t\t\t\t<section class=\"elementor-section elementor-inner-section elementor-element elementor-element-391bdbd elementor-section-boxed elementor-section-height-default elementor-section-height-default\" data-id=\"391bdbd\" data-element_type=\"section\">\n\t\t\t\t\t\t<div class=\"elementor-container elementor-column-gap-no\">\n\t\t\t\t\t<div class=\"elementor-column elementor-col-50 elementor-inner-column elementor-element elementor-element-b0aaefa\" data-id=\"b0aaefa\" data-element_type=\"column\">\n\t\t\t<div class=\"elementor-widget-wrap elementor-element-populated\">\n\t\t\t\t\t\t\t\t<div class=\"elementor-element elementor-element-9b5c9c2 elementor-widget elementor-widget-image\" data-id=\"9b5c9c2\" data-element_type=\"widget\" data-widget_type=\"image.default\">\n\t\t\t\t<div class=\"elementor-widget-container\">\n\t\t\t\t\t\t\t\t\t\t\t\t\t\t\t\t<a href=\"https:\/\/www.micoaventura.com\/wp-content\/uploads\/2022\/05\/2022.04.24_MICO-AVENTURA_0790.jpg\" data-elementor-open-lightbox=\"yes\" data-elementor-lightbox-title=\"2022.04.24_MICO AVENTURA_0790\" e-action-hash=\"#elementor-action%3Aaction%3Dlightbox%26settings%3DeyJpZCI6MzMxNCwidXJsIjoiaHR0cHM6XC9cL3d3dy5taWNvYXZlbnR1cmEuY29tXC93cC1jb250ZW50XC91cGxvYWRzXC8yMDIyXC8wNVwvMjAyMi4wNC4yNF9NSUNPLUFWRU5UVVJBXzA3OTAuanBnIn0%3D\">\n\t\t\t\t\t\t\t<img width=\"2000\" height=\"1334\" src=\"https:\/\/www.micoaventura.com\/wp-content\/uploads\/2022\/05\/2022.04.24_MICO-AVENTURA_0790.jpg\" class=\"elementor-animation-grow attachment-full size-full\" alt=\"\" loading=\"lazy\" srcset=\"https:\/\/www.micoaventura.com\/wp-content\/uploads\/2022\/05\/2022.04.24_MICO-AVENTURA_0790.jpg 2000w, https:\/\/www.micoaventura.com\/wp-content\/uploads\/2022\/05\/2022.04.24_MICO-AVENTURA_0790-300x200.jpg 300w, https:\/\/www.micoaventura.com\/wp-content\/uploads\/2022\/05\/2022.04.24_MICO-AVENTURA_0790-1024x683.jpg 1024w, https:\/\/www.micoaventura.com\/wp-content\/uploads\/2022\/05\/2022.04.24_MICO-AVENTURA_0790-768x512.jpg 768w, https:\/\/www.micoaventura.com\/wp-content\/uploads\/2022\/05\/2022.04.24_MICO-AVENTURA_0790-1536x1025.jpg 1536w\" sizes=\"(max-width: 2000px) 100vw, 2000px\" \/>\t\t\t\t\t\t\t\t<\/a>\n\t\t\t\t\t\t\t\t\t\t\t\t\t\t\t<\/div>\n\t\t\t\t<\/div>\n\t\t\t\t<div class=\"elementor-element elementor-element-c1c45fd elementor-widget elementor-widget-image\" data-id=\"c1c45fd\" data-element_type=\"widget\" data-widget_type=\"image.default\">\n\t\t\t\t<div class=\"elementor-widget-container\">\n\t\t\t\t\t\t\t\t\t\t\t\t\t\t\t\t<a href=\"https:\/\/www.micoaventura.com\/wp-content\/uploads\/2022\/05\/2022.04.24_MICO-AVENTURA_1039.jpg\" data-elementor-open-lightbox=\"yes\" data-elementor-lightbox-title=\"2022.04.24_MICO AVENTURA_1039\" e-action-hash=\"#elementor-action%3Aaction%3Dlightbox%26settings%3DeyJpZCI6MzMxNiwidXJsIjoiaHR0cHM6XC9cL3d3dy5taWNvYXZlbnR1cmEuY29tXC93cC1jb250ZW50XC91cGxvYWRzXC8yMDIyXC8wNVwvMjAyMi4wNC4yNF9NSUNPLUFWRU5UVVJBXzEwMzkuanBnIn0%3D\">\n\t\t\t\t\t\t\t<img width=\"1331\" height=\"2000\" src=\"https:\/\/www.micoaventura.com\/wp-content\/uploads\/2022\/05\/2022.04.24_MICO-AVENTURA_1039.jpg\" class=\"elementor-animation-grow attachment-full size-full\" alt=\"\" loading=\"lazy\" srcset=\"https:\/\/www.micoaventura.com\/wp-content\/uploads\/2022\/05\/2022.04.24_MICO-AVENTURA_1039.jpg 1331w, https:\/\/www.micoaventura.com\/wp-content\/uploads\/2022\/05\/2022.04.24_MICO-AVENTURA_1039-200x300.jpg 200w, https:\/\/www.micoaventura.com\/wp-content\/uploads\/2022\/05\/2022.04.24_MICO-AVENTURA_1039-681x1024.jpg 681w, https:\/\/www.micoaventura.com\/wp-content\/uploads\/2022\/05\/2022.04.24_MICO-AVENTURA_1039-768x1154.jpg 768w, https:\/\/www.micoaventura.com\/wp-content\/uploads\/2022\/05\/2022.04.24_MICO-AVENTURA_1039-1022x1536.jpg 1022w\" sizes=\"(max-width: 1331px) 100vw, 1331px\" \/>\t\t\t\t\t\t\t\t<\/a>\n\t\t\t\t\t\t\t\t\t\t\t\t\t\t\t<\/div>\n\t\t\t\t<\/div>\n\t\t\t\t\t<\/div>\n\t\t<\/div>\n\t\t\t\t<div class=\"elementor-column elementor-col-50 elementor-inner-column elementor-element elementor-element-c6f8533\" data-id=\"c6f8533\" data-element_type=\"column\">\n\t\t\t<div class=\"elementor-widget-wrap elementor-element-populated\">\n\t\t\t\t\t\t\t\t<div class=\"elementor-element elementor-element-efd6d1d elementor-widget elementor-widget-image\" data-id=\"efd6d1d\" data-element_type=\"widget\" data-widget_type=\"image.default\">\n\t\t\t\t<div class=\"elementor-widget-container\">\n\t\t\t\t\t\t\t\t\t\t\t\t\t\t\t\t<a href=\"https:\/\/www.micoaventura.com\/wp-content\/uploads\/2022\/05\/2022.04.24_MICO-AVENTURA_2380.jpg\" data-elementor-open-lightbox=\"yes\" data-elementor-lightbox-title=\"2022.04.24_MICO AVENTURA_2380\" e-action-hash=\"#elementor-action%3Aaction%3Dlightbox%26settings%3DeyJpZCI6MzMyMCwidXJsIjoiaHR0cHM6XC9cL3d3dy5taWNvYXZlbnR1cmEuY29tXC93cC1jb250ZW50XC91cGxvYWRzXC8yMDIyXC8wNVwvMjAyMi4wNC4yNF9NSUNPLUFWRU5UVVJBXzIzODAuanBnIn0%3D\">\n\t\t\t\t\t\t\t<img width=\"1331\" height=\"2000\" src=\"https:\/\/www.micoaventura.com\/wp-content\/uploads\/2022\/05\/2022.04.24_MICO-AVENTURA_2380.jpg\" class=\"elementor-animation-grow attachment-full size-full\" alt=\"\" loading=\"lazy\" srcset=\"https:\/\/www.micoaventura.com\/wp-content\/uploads\/2022\/05\/2022.04.24_MICO-AVENTURA_2380.jpg 1331w, https:\/\/www.micoaventura.com\/wp-content\/uploads\/2022\/05\/2022.04.24_MICO-AVENTURA_2380-200x300.jpg 200w, https:\/\/www.micoaventura.com\/wp-content\/uploads\/2022\/05\/2022.04.24_MICO-AVENTURA_2380-681x1024.jpg 681w, https:\/\/www.micoaventura.com\/wp-content\/uploads\/2022\/05\/2022.04.24_MICO-AVENTURA_2380-768x1154.jpg 768w, https:\/\/www.micoaventura.com\/wp-content\/uploads\/2022\/05\/2022.04.24_MICO-AVENTURA_2380-1022x1536.jpg 1022w\" sizes=\"(max-width: 1331px) 100vw, 1331px\" \/>\t\t\t\t\t\t\t\t<\/a>\n\t\t\t\t\t\t\t\t\t\t\t\t\t\t\t<\/div>\n\t\t\t\t<\/div>\n\t\t\t\t<div class=\"elementor-element elementor-element-30743e3 elementor-widget elementor-widget-image\" data-id=\"30743e3\" data-element_type=\"widget\" data-widget_type=\"image.default\">\n\t\t\t\t<div class=\"elementor-widget-container\">\n\t\t\t\t\t\t\t\t\t\t\t\t\t\t\t\t<a href=\"https:\/\/www.micoaventura.com\/wp-content\/uploads\/2022\/05\/2022.04.24_MICO-AVENTURA_2306.jpg\" data-elementor-open-lightbox=\"yes\" data-elementor-lightbox-title=\"2022.04.24_MICO AVENTURA_2306\" e-action-hash=\"#elementor-action%3Aaction%3Dlightbox%26settings%3DeyJpZCI6MzMxOCwidXJsIjoiaHR0cHM6XC9cL3d3dy5taWNvYXZlbnR1cmEuY29tXC93cC1jb250ZW50XC91cGxvYWRzXC8yMDIyXC8wNVwvMjAyMi4wNC4yNF9NSUNPLUFWRU5UVVJBXzIzMDYuanBnIn0%3D\">\n\t\t\t\t\t\t\t<img width=\"2000\" height=\"1331\" src=\"https:\/\/www.micoaventura.com\/wp-content\/uploads\/2022\/05\/2022.04.24_MICO-AVENTURA_2306.jpg\" class=\"elementor-animation-grow attachment-full size-full\" alt=\"\" loading=\"lazy\" srcset=\"https:\/\/www.micoaventura.com\/wp-content\/uploads\/2022\/05\/2022.04.24_MICO-AVENTURA_2306.jpg 2000w, https:\/\/www.micoaventura.com\/wp-content\/uploads\/2022\/05\/2022.04.24_MICO-AVENTURA_2306-300x200.jpg 300w, https:\/\/www.micoaventura.com\/wp-content\/uploads\/2022\/05\/2022.04.24_MICO-AVENTURA_2306-1024x681.jpg 1024w, https:\/\/www.micoaventura.com\/wp-content\/uploads\/2022\/05\/2022.04.24_MICO-AVENTURA_2306-768x511.jpg 768w, https:\/\/www.micoaventura.com\/wp-content\/uploads\/2022\/05\/2022.04.24_MICO-AVENTURA_2306-1536x1022.jpg 1536w\" sizes=\"(max-width: 2000px) 100vw, 2000px\" \/>\t\t\t\t\t\t\t\t<\/a>\n\t\t\t\t\t\t\t\t\t\t\t\t\t\t\t<\/div>\n\t\t\t\t<\/div>\n\t\t\t\t\t<\/div>\n\t\t<\/div>\n\t\t\t\t\t\t\t<\/div>\n\t\t<\/section>\n\t\t\t\t\t<\/div>\n\t\t<\/div>\n\t\t\t\t\t\t\t<\/div>\n\t\t<\/section>\n\t\t\t\t\t\t\t<\/div>\n\t\t","protected":false},"excerpt":{"rendered":"<p>Empresas y teambuilding \u00bfBuscas un espacio para realizar eventos corporativos? \u00bfUn momento de calidad con vuestros empleados\/as y compa\u00f1eros\/as? \u00a1Esp\u00edritu de equipo! \u00bfBuscas un espacio para realizar eventos corporativos? \u00bfUn momento de calidad con vuestros empleados\/as y compa\u00f1eros\/as? \u00a1La cultura de empresa es importante! Ofrecemos un espacio al aire libre, ideal para desconectar, re\u00edr en [&hellip;]<\/p>\n","protected":false},"author":2,"featured_media":0,"parent":1707,"menu_order":0,"comment_status":"closed","ping_status":"closed","template":"elementor_header_footer","meta":{"inline_featured_image":false},"_links":{"self":[{"href":"https:\/\/www.micoaventura.com\/es\/wp-json\/wp\/v2\/pages\/2474"}],"collection":[{"href":"https:\/\/www.micoaventura.com\/es\/wp-json\/wp\/v2\/pages"}],"about":[{"href":"https:\/\/www.micoaventura.com\/es\/wp-json\/wp\/v2\/types\/page"}],"author":[{"embeddable":true,"href":"https:\/\/www.micoaventura.com\/es\/wp-json\/wp\/v2\/users\/2"}],"replies":[{"embeddable":true,"href":"https:\/\/www.micoaventura.com\/es\/wp-json\/wp\/v2\/comments?post=2474"}],"version-history":[{"count":19,"href":"https:\/\/www.micoaventura.com\/es\/wp-json\/wp\/v2\/pages\/2474\/revisions"}],"predecessor-version":[{"id":3895,"href":"https:\/\/www.micoaventura.com\/es\/wp-json\/wp\/v2\/pages\/2474\/revisions\/3895"}],"up":[{"embeddable":true,"href":"https:\/\/www.micoaventura.com\/es\/wp-json\/wp\/v2\/pages\/1707"}],"wp:attachment":[{"href":"https:\/\/www.micoaventura.com\/es\/wp-json\/wp\/v2\/media?parent=2474"}],"curies":[{"name":"wp","href":"https:\/\/api.w.org\/{rel}","templated":true}]}}