{"id":1036,"date":"2020-11-30T23:47:38","date_gmt":"2020-11-30T22:47:38","guid":{"rendered":"https:\/\/www.micoaventura.com\/?page_id=1036"},"modified":"2022-05-18T14:55:05","modified_gmt":"2022-05-18T12:55:05","slug":"aviso-legal","status":"publish","type":"page","link":"https:\/\/www.micoaventura.com\/es\/aviso-legal\/","title":{"rendered":"Aviso legal"},"content":{"rendered":"\t\t<div data-elementor-type=\"wp-page\" data-elementor-id=\"1036\" class=\"elementor elementor-1036\">\n\t\t\t\t\t\t\t\t\t<section class=\"elementor-section elementor-top-section elementor-element elementor-element-3536c4e elementor-section-boxed elementor-section-height-default elementor-section-height-default\" data-id=\"3536c4e\" data-element_type=\"section\" data-settings=\"{&quot;background_background&quot;:&quot;classic&quot;}\">\n\t\t\t\t\t\t\t<div class=\"elementor-background-overlay\"><\/div>\n\t\t\t\t\t\t\t<div class=\"elementor-container elementor-column-gap-default\">\n\t\t\t\t\t<div class=\"elementor-column elementor-col-100 elementor-top-column elementor-element elementor-element-6d2f7f0\" data-id=\"6d2f7f0\" data-element_type=\"column\">\n\t\t\t<div class=\"elementor-widget-wrap elementor-element-populated\">\n\t\t\t\t\t\t\t\t<div class=\"elementor-element elementor-element-c9ed672 animated-slow elementor-invisible elementor-widget elementor-widget-heading\" data-id=\"c9ed672\" data-element_type=\"widget\" data-settings=\"{&quot;_animation&quot;:&quot;fadeInRight&quot;}\" data-widget_type=\"heading.default\">\n\t\t\t\t<div class=\"elementor-widget-container\">\n\t\t\t<h2 class=\"elementor-heading-title elementor-size-default\">Aviso legal<\/h2>\t\t<\/div>\n\t\t\t\t<\/div>\n\t\t\t\t<div class=\"elementor-element elementor-element-28cf3b1 elementor-widget-divider--view-line elementor-widget elementor-widget-divider\" data-id=\"28cf3b1\" data-element_type=\"widget\" data-widget_type=\"divider.default\">\n\t\t\t\t<div class=\"elementor-widget-container\">\n\t\t\t\t\t<div class=\"elementor-divider\">\n\t\t\t<span class=\"elementor-divider-separator\">\n\t\t\t\t\t\t<\/span>\n\t\t<\/div>\n\t\t\t\t<\/div>\n\t\t\t\t<\/div>\n\t\t\t\t\t<\/div>\n\t\t<\/div>\n\t\t\t\t\t\t\t<\/div>\n\t\t<\/section>\n\t\t\t\t<section class=\"elementor-section elementor-top-section elementor-element elementor-element-5c80acc4 elementor-section-boxed elementor-section-height-default elementor-section-height-default\" data-id=\"5c80acc4\" data-element_type=\"section\">\n\t\t\t\t\t\t<div class=\"elementor-container elementor-column-gap-default\">\n\t\t\t\t\t<div class=\"elementor-column elementor-col-100 elementor-top-column elementor-element elementor-element-1962387f\" data-id=\"1962387f\" data-element_type=\"column\">\n\t\t\t<div class=\"elementor-widget-wrap elementor-element-populated\">\n\t\t\t\t\t\t\t\t<div class=\"elementor-element elementor-element-3ca28fd elementor-widget elementor-widget-text-editor\" data-id=\"3ca28fd\" data-element_type=\"widget\" data-widget_type=\"text-editor.default\">\n\t\t\t\t<div class=\"elementor-widget-container\">\n\t\t\t\t\t\t\t<h4>Informaci\u00f3n de conformidad con el art\u00edculo 10 de la LSSI<\/h4><h3>El titular de esta web es:<\/h3><p>Identidad: <strong>Inversiones GF Mediterranea S.L.<\/strong><br \/>CIF: <strong>B66625138<\/strong><br \/>Direcci\u00f3n: <strong>Calle Valencia 229 1\u00ba2\u00aa, 08007 Barcelona.<br \/><\/strong>Tel\u00e9fono: 667 70 44 91<strong><br \/><\/strong>Correo electr\u00f3nico<strong>:<\/strong> info@micoaventura.com<\/p><h3>Condiciones de uso<\/h3><p style=\"text-align: justify;\">El uso de esta web implica la aceptaci\u00f3n plena de los t\u00e9rminos y condiciones del presente aviso legal. Los posibles conflictos relativos a esta web se regir\u00e1n exclusivamente por el derecho del Estado espa\u00f1ol. Toda persona usuaria de la web, independientemente de la jurisdicci\u00f3n territorial desde la que se produzca su acceso, acepta el cumplimiento y respeto de estas cl\u00e1usulas con renuncia expresa a cualquier otro fuero que pudiera corresponderle.<\/p><h3>Propiedad intelectual e industrial<\/h3><p style=\"text-align: justify;\">La totalidad del contenido de este sitio web, ya sean textos, im\u00e1genes, sonidos, marcas, logotipos u otros elementos, as\u00ed como subestructura, dise\u00f1o, combinaciones de colores o forma de presentaci\u00f3n de los materiales, est\u00e1n protegidos por derechos de propiedad industrial e intelectual que el usuario de este sitio web debe respetar. No es l\u00edcita su transformaci\u00f3n o alteraci\u00f3n, comunicaci\u00f3n p\u00fablica o cualquier otra forma de explotaci\u00f3n por cualquier procedimiento sin la autorizaci\u00f3n expresa de\u00a0<strong>Inversiones GF Mediterranea S.L.<\/strong><\/p><h3>Responsabilidad sobre los contenidos<\/h3><p style=\"text-align: justify;\">Aunque\u00a0<strong>Inversiones GF Mediterranea S.L.<\/strong> act\u00faa con la m\u00e1xima diligencia posible, puede darse el caso de que alg\u00fan dato o informaci\u00f3n no est\u00e9 del todo actualizada en el momento que el usuario del sitio web lo consulte. Por ello, las informaciones que se presentan en esta web tienen una funci\u00f3n orientativa y no obligan a\u00a0<strong>Inversiones GF Mediterranea S.L.<\/strong><\/p><p style=\"text-align: justify;\"><strong>Inversiones GF Mediterranea S.L.<\/strong>\u00a0no ser\u00e1 responsable de la informaci\u00f3n que se pueda obtener a trav\u00e9s de enlaces incluidos en su web.<\/p><p style=\"text-align: justify;\"><strong>Inversiones GF Mediterranea S.L.<\/strong>\u00a0se reserva la facultad de realizar, en cualquier momento y sin necesidad de preaviso, modificaciones o actualizaciones de la informaci\u00f3n y de cualquiera de los elementos que integren el dise\u00f1o y configuraci\u00f3n de la p\u00e1gina web.<\/p><h3>Ley aplicable y jurisdicci\u00f3n<\/h3><p style=\"text-align: justify;\">El uso de este sitio web implica la aceptaci\u00f3n plena de los t\u00e9rminos y condiciones de la presente pol\u00edtica legal. Los posibles conflictos relativos a esta web se regir\u00e1n exclusivamente por la legislaci\u00f3n espa\u00f1ola, siendo competentes los Juzgados y Tribunales espa\u00f1oles para conocer de cuantas cuestiones se susciten sobre ella. El usuario, por virtud de su aceptaci\u00f3n renuncia expresamente a cualquier fuero que por aplicaci\u00f3n de la Ley de Enjuiciamiento Civil vigente pudiera corresponderle.<\/p>\t\t\t\t\t\t<\/div>\n\t\t\t\t<\/div>\n\t\t\t\t\t<\/div>\n\t\t<\/div>\n\t\t\t\t\t\t\t<\/div>\n\t\t<\/section>\n\t\t\t\t\t\t\t<\/div>\n\t\t","protected":false},"excerpt":{"rendered":"<p>Aviso legal Informaci\u00f3n de conformidad con el art\u00edculo 10 de la LSSI El titular de esta web es: Identidad: Inversiones GF Mediterranea S.L.CIF: B66625138Direcci\u00f3n: Calle Valencia 229 1\u00ba2\u00aa, 08007 Barcelona.Tel\u00e9fono: 667 70 44 91Correo electr\u00f3nico: info@micoaventura.com Condiciones de uso El uso de esta web implica la aceptaci\u00f3n plena de los t\u00e9rminos y condiciones del presente [&hellip;]<\/p>\n","protected":false},"author":2,"featured_media":202,"parent":0,"menu_order":0,"comment_status":"closed","ping_status":"closed","template":"elementor_header_footer","meta":{"inline_featured_image":false},"_links":{"self":[{"href":"https:\/\/www.micoaventura.com\/es\/wp-json\/wp\/v2\/pages\/1036"}],"collection":[{"href":"https:\/\/www.micoaventura.com\/es\/wp-json\/wp\/v2\/pages"}],"about":[{"href":"https:\/\/www.micoaventura.com\/es\/wp-json\/wp\/v2\/types\/page"}],"author":[{"embeddable":true,"href":"https:\/\/www.micoaventura.com\/es\/wp-json\/wp\/v2\/users\/2"}],"replies":[{"embeddable":true,"href":"https:\/\/www.micoaventura.com\/es\/wp-json\/wp\/v2\/comments?post=1036"}],"version-history":[{"count":11,"href":"https:\/\/www.micoaventura.com\/es\/wp-json\/wp\/v2\/pages\/1036\/revisions"}],"predecessor-version":[{"id":4217,"href":"https:\/\/www.micoaventura.com\/es\/wp-json\/wp\/v2\/pages\/1036\/revisions\/4217"}],"wp:featuredmedia":[{"embeddable":true,"href":"https:\/\/www.micoaventura.com\/es\/wp-json\/wp\/v2\/media\/202"}],"wp:attachment":[{"href":"https:\/\/www.micoaventura.com\/es\/wp-json\/wp\/v2\/media?parent=1036"}],"curies":[{"name":"wp","href":"https:\/\/api.w.org\/{rel}","templated":true}]}}